{"id":11375,"date":"2022-12-01T09:40:11","date_gmt":"2022-12-01T02:40:11","guid":{"rendered":"https:\/\/iti.vnu.edu.vn\/daotao\/?page_id=11375"},"modified":"2022-12-05T10:27:04","modified_gmt":"2022-12-05T03:27:04","slug":"gioi-thieu","status":"publish","type":"page","link":"https:\/\/iti.vnu.edu.vn\/daotao\/gioi-thieu","title":{"rendered":"Gi\u1edbi thi\u1ec7u"},"content":{"rendered":"\t<section class=\"section\" id=\"section_1851621150\">\n\t\t<div class=\"bg section-bg fill bg-fill  bg-loaded\" >\n\n\t\t\t\n\t\t\t\n\t\t\t\n\n\t\t<\/div>\n\n\t\t\n\n\t\t<div class=\"section-content relative\">\n\t\t\t\n<div class=\"row row-large row-divided\"  id=\"row-1960531391\">\n\n\t<div id=\"col-1973784480\" class=\"col small-12 large-12\"  >\n\t\t\t\t<div class=\"col-inner text-left\"  >\n\t\t\t\n\t\t\t\n<p style=\"text-align: justify;\">Vi\u1ec7n C\u00f4ng ngh\u1ec7 Th\u00f4ng tin &#8211; \u0110\u1ea1i h\u1ecdc Qu\u1ed1c gia H\u00e0 N\u1ed9i l\u00e0 m\u1ed9t \u0111\u01a1n v\u1ecb th\u00e0nh vi\u00ean c\u1ee7a \u0110\u1ea1i h\u1ecdc Qu\u1ed1c gia H\u00e0 N\u1ed9i, \u0111\u01b0\u1ee3c th\u00e0nh l\u1eadp t\u1eeb n\u0103m 2001 theo quy\u1ebft \u0111\u1ecbnh s\u1ed1 14\/2001\/Q\u0110-TTg ng\u00e0y 12\/02\/2001 c\u1ee7a Th\u1ee7 t\u01b0\u1edbng Ch\u00ednh ph\u1ee7. Vi\u1ec7n C\u00f4ng ngh\u1ec7 Th\u00f4ng tin c\u00f3 s\u1ee9 m\u1ec7nh \u0111\u00e0o t\u1ea1o chuy\u00ean gia ch\u1ea5t l\u01b0\u1ee3ng cao \u1edf b\u1eadc ti\u1ebfn s\u1ef9, tham gia \u0111\u00e0o t\u1ea1o \u0111\u1ea1i h\u1ecdc v\u00e0 sau \u0111\u1ea1i h\u1ecdc thu\u1ed9c l\u0129nh v\u1ef1c c\u00f4ng ngh\u1ec7 th\u00f4ng tin t\u1ea1i c\u00e1c tr\u01b0\u1eddng \u0111\u1ea1i h\u1ecdc v\u00e0 c\u00e1c \u0111\u01a1n v\u1ecb tr\u1ef1c thu\u1ed9c \u0110\u1ea1i h\u1ecdc Qu\u1ed1c gia H\u00e0 N\u1ed9i; nghi\u00ean c\u1ee9u khoa h\u1ecdc, tri\u1ec3n khai \u1ee9ng d\u1ee5ng, t\u01b0 v\u1ea5n v\u00e0 chuy\u1ec3n giao c\u00f4ng ngh\u1ec7 trong l\u0129nh v\u1ef1c c\u00f4ng ngh\u1ec7 th\u00f4ng tin &#8211; truy\u1ec1n th\u00f4ng nh\u1eb1m g\u00f3p ph\u1ea7n ph\u00e1t tri\u1ec3n kinh t\u1ebf &#8211; x\u00e3 h\u1ed9i c\u1ee7a \u0111\u1ea5t n\u01b0\u1edbc; \u0111\u00e0o t\u1ea1o k\u0129 n\u0103ng ngh\u1ec1 nghi\u1ec7p, b\u1ed3i d\u01b0\u1ee1ng, n\u00e2ng cao tr\u00ecnh \u0111\u1ed9 khoa h\u1ecdc, c\u00f4ng ngh\u1ec7, ph\u1ed5 c\u1eadp c\u00f4ng ngh\u1ec7 m\u1edbi cho c\u00e1c doanh nghi\u1ec7p, \u0111\u01a1n v\u1ecb, c\u00e1 nh\u00e2n trong v\u00e0 ngo\u00e0i n\u01b0\u1edbc.<\/p>\n\t\t<\/div>\n\t\t\t\t\n<style>\n#col-1973784480 > .col-inner {\n  padding: 0px 10px 0px 10px;\n}\n<\/style>\n\t<\/div>\n\n\t\n<\/div>\n\t\t<\/div>\n\n\t\t\n<style>\n#section_1851621150 {\n  padding-top: 0px;\n  padding-bottom: 0px;\n}\n#section_1851621150 .ux-shape-divider--top svg {\n  height: 150px;\n  --divider-top-width: 100%;\n}\n#section_1851621150 .ux-shape-divider--bottom svg {\n  height: 150px;\n  --divider-width: 100%;\n}\n@media (min-width:550px) {\n  #section_1851621150 {\n    padding-top: 0px;\n    padding-bottom: 0px;\n  }\n}\n<\/style>\n\t<\/section>\n\t\n\t<section class=\"section\" id=\"section_2105003164\">\n\t\t<div class=\"bg section-bg fill bg-fill  bg-loaded\" >\n\n\t\t\t\n\t\t\t\n\t\t\t\n\n\t\t<\/div>\n\n\t\t\n\n\t\t<div class=\"section-content relative\">\n\t\t\t\n<div class=\"row row-collapse\"  id=\"row-238837004\">\n\n\t<div id=\"col-267528646\" class=\"col large-12\"  >\n\t\t\t\t<div class=\"col-inner\"  >\n\t\t\t\n\t\t\t\n<p>Vi\u1ec7n c\u00f4ng ngh\u1ec7 th\u00f4ng tin c\u00f3 5 \u0111\u01a1n v\u1ecb nghi\u00ean c\u1ee9u v\u00e0 ph\u00e1t tri\u1ec3n c\u00f4ng ngh\u1ec7:<\/p>\n<ul>\n<li style=\"list-style-type: none;\">(1) Ph\u00f2ng C\u01a1 s\u1edf d\u1eef li\u1ec7u v\u00e0 h\u1ec7 th\u1ed1ng th\u00f4ng tin;<\/li>\n<li style=\"list-style-type: none;\">(2) Ph\u00f2ng An to\u00e0n h\u1ec7 th\u1ed1ng th\u00f4n tin;<\/li>\n<li style=\"list-style-type: none;\">(3) Ph\u00f2ng C\u00f4ng ngh\u1ec7 m\u1ea1ng v\u00e0 truy\u1ec1n th\u00f4ng;<\/li>\n<li style=\"list-style-type: none;\">(4) Ph\u00f2ng C\u00f4ng ngh\u1ec7 nh\u1eadn d\u1ea1ng v\u00e0 x\u1eed l\u00ed ng\u00f4n ng\u1eef t\u1ef1 nhi\u00ean;<\/li>\n<li style=\"list-style-type: none;\">(5) Ph\u00f2ng C\u00f4ng ngh\u1ec7 \u0111a ph\u01b0\u01a1ng ti\u1ec7n v\u00e0 th\u1ef1c t\u1ea1i \u1ea3o.<\/li>\n<\/ul>\n<p>\u0110\u1ed9i ng\u0169 c\u00e1c nh\u00e0 khoa h\u1ecdc c\u1ee7a Vi\u1ec7n C\u00f4ng ngh\u1ec7 Th\u00f4ng tin \u0111ang tri\u1ec3n khai nhi\u1ec1u ho\u1ea1t \u0111\u00f4ng ngi\u00ean c\u1ee9u, \u0111\u1ec1 t\u00e0i, d\u1ef1 \u00e1n c\u1ea5p nh\u00e0 n\u01b0\u1edbc, c\u1ea5p b\u1ed9 ng\u00e0nh , c\u1ea5p \u0110HQGHN v\u00e0 qu\u1ed1c t\u1ebf li\u00ean quan \u0111\u1ebfn c\u00e1c v\u1ea5n \u0111\u1ec1 c\u00f4ng ngh\u1ec7 quan tr\u1ecdng nh\u01b0 khoa h\u1ecdc d\u1eef li\u1ec7u; tr\u00ed tu\u1ec7 nh\u00e2n t\u1ea1o (AI); th\u1ef1c t\u1ea1i \u1ea3o\/th\u1ef1c t\u1ea1i t\u0103ng c\u01b0\u1eddng (VR\/AR); x\u1eed l\u00ed \u1ea3nh\/video; an to\u00e0n th\u00f4ng tin; blockchain; Internet v\u1ea1n v\u1eadt (IoT); h\u1ec7 th\u1ed1ng nh\u00fang; thi\u1ebft k\u1ebf vi m\u1ea1ch v\u00e0 FPGA; thi\u1ebft k\u1ebf b\u1ea3o m\u1eadt cho RFID.<\/p>\n<p>\u0110\u1eb7c bi\u1ec7t v\u1edbi ph\u01b0\u01a1ng ch\u00e2m nghi\u00ean c\u1ee9u h\u01b0\u1edbng \u0111\u1ebfn th\u1ef1c ti\u1ec5n n\u00ean c\u00e1c nghi\u00ean c\u1ee9u c\u1ee7a Vi\u1ec7n \u0111\u1ec1u h\u01b0\u1edbng \u0111\u1ebfn vi\u1ec7c gi\u1ea3i quy\u1ebft c\u00e1c b\u00e0i to\u00e1n c\u1ee7a c\u00e1c l\u0129nh v\u1ef1c nh\u01b0 y t\u1ebf, gi\u00e1o d\u1ee5c, t\u00e0i ch\u00ednh, b\u1ea5t \u0111\u1ed9ng s\u1ea3n, n\u00f4ng nghi\u1ec7p.<\/p>\n<blockquote>\n<p>Hi\u1ec7n t\u1ea1i, Vi\u1ec7n C\u00f4ng ngh\u1ec7 Th\u00f4ng tin c\u00f3 30 c\u00e1n b\u1ed9, 15 nghi\u00ean c\u1ee9u sinh v\u00e0 10 th\u1ef1c t\u1eadp sinh. B\u00ean c\u1ea1nh \u0111\u00f3, Vi\u1ec7n C\u00f4ng ngh\u1ec7 Th\u00f4ng tin c\u00f3 \u0111\u1ed9i ng\u0169 \u0111\u00f4ng \u0111\u1ea3o c\u00e1c nh\u00e0 khoa h\u1ecdc th\u1ec9nh gi\u1ea3ng trong v\u00e0 ngo\u00e0i n\u01b0\u1edbc tham gia c\u00e1c ho\u1ea1t \u0111\u1ed9ng \u0111\u00e0o t\u1ea1o v\u00e0 nghi\u00ean c\u1ee9u khoa h\u1ecdc<\/p>\n<\/blockquote>\n\t\t<\/div>\n\t\t\t\t\t<\/div>\n\n\t\n<\/div>\n\t\t<\/div>\n\n\t\t\n<style>\n#section_2105003164 {\n  padding-top: 0px;\n  padding-bottom: 0px;\n}\n#section_2105003164 .ux-shape-divider--top svg {\n  height: 150px;\n  --divider-top-width: 100%;\n}\n#section_2105003164 .ux-shape-divider--bottom svg {\n  height: 150px;\n  --divider-width: 100%;\n}\n<\/style>\n\t<\/section>\n\t\n","protected":false},"excerpt":{"rendered":"","protected":false},"author":19,"featured_media":0,"parent":0,"menu_order":0,"comment_status":"closed","ping_status":"closed","template":"page-blank.php","meta":[],"acf":[],"yoast_head":"<!-- This site is optimized with the Yoast SEO plugin v19.13 - https:\/\/yoast.com\/wordpress\/plugins\/seo\/ -->\n<title>Gi\u1edbi thi\u1ec7u | C\u00e1c Ch\u01b0\u01a1ng tr\u00ecnh \u0110\u00e0o t\u1ea1o ng\u1eafn h\u1ea1n - Vi\u1ec7n C\u00f4ng ngh\u1ec7 Th\u00f4ng tin, \u0110HQG H\u00e0 N\u1ed9i<\/title>\n<meta name=\"robots\" content=\"index, follow, max-snippet:-1, max-image-preview:large, max-video-preview:-1\" \/>\n<link rel=\"canonical\" href=\"https:\/\/iti.vnu.edu.vn\/daotao\/gioi-thieu\" \/>\n<meta name=\"twitter:label1\" content=\"\u01af\u1edbc t\u00ednh th\u1eddi gian \u0111\u1ecdc\" \/>\n\t<meta name=\"twitter:data1\" content=\"3 ph\u00fat\" \/>\n<script type=\"application\/ld+json\" class=\"yoast-schema-graph\">{\"@context\":\"https:\/\/schema.org\",\"@graph\":[{\"@type\":\"WebPage\",\"@id\":\"https:\/\/iti.vnu.edu.vn\/daotao\/gioi-thieu\",\"url\":\"https:\/\/iti.vnu.edu.vn\/daotao\/gioi-thieu\",\"name\":\"Gi\u1edbi thi\u1ec7u | C\u00e1c Ch\u01b0\u01a1ng tr\u00ecnh \u0110\u00e0o t\u1ea1o ng\u1eafn h\u1ea1n - Vi\u1ec7n C\u00f4ng ngh\u1ec7 Th\u00f4ng tin, \u0110HQG H\u00e0 N\u1ed9i\",\"isPartOf\":{\"@id\":\"https:\/\/iti.vnu.edu.vn\/daotao\/#website\"},\"datePublished\":\"2022-12-01T02:40:11+00:00\",\"dateModified\":\"2022-12-05T03:27:04+00:00\",\"breadcrumb\":{\"@id\":\"https:\/\/iti.vnu.edu.vn\/daotao\/gioi-thieu#breadcrumb\"},\"inLanguage\":\"vi\",\"potentialAction\":[{\"@type\":\"ReadAction\",\"target\":[\"https:\/\/iti.vnu.edu.vn\/daotao\/gioi-thieu\"]}]},{\"@type\":\"BreadcrumbList\",\"@id\":\"https:\/\/iti.vnu.edu.vn\/daotao\/gioi-thieu#breadcrumb\",\"itemListElement\":[{\"@type\":\"ListItem\",\"position\":1,\"name\":\"Trang ch\u1ee7\",\"item\":\"https:\/\/iti.vnu.edu.vn\/daotao\/\"},{\"@type\":\"ListItem\",\"position\":2,\"name\":\"Gi\u1edbi thi\u1ec7u\"}]},{\"@type\":\"WebSite\",\"@id\":\"https:\/\/iti.vnu.edu.vn\/daotao\/#website\",\"url\":\"https:\/\/iti.vnu.edu.vn\/daotao\/\",\"name\":\"C\u00e1c Ch\u01b0\u01a1ng tr\u00ecnh \u0110\u00e0o t\u1ea1o ng\u1eafn h\u1ea1n - Vi\u1ec7n C\u00f4ng ngh\u1ec7 Th\u00f4ng tin, \u0110HQG H\u00e0 N\u1ed9i\",\"description\":\"\u0110\u00e0o t\u1ea1o ph\u1ed5 c\u1eadp v\u00e0 chuy\u00ean s\u00e2u c\u00e1c c\u00f4ng ngh\u1ec7 chuy\u1ec3n \u0111\u1ed5i s\u1ed1 nh\u01b0 Blockchain, IoT, Ai, Big Data, b\u1ea3o m\u1eadt v\u00e0 ph\u00e2n t\u00edch d\u1eef li\u1ec7u\",\"potentialAction\":[{\"@type\":\"SearchAction\",\"target\":{\"@type\":\"EntryPoint\",\"urlTemplate\":\"https:\/\/iti.vnu.edu.vn\/daotao\/?s={search_term_string}\"},\"query-input\":\"required name=search_term_string\"}],\"inLanguage\":\"vi\"}]}<\/script>\n<!-- \/ Yoast SEO plugin. -->","yoast_head_json":{"title":"Gi\u1edbi thi\u1ec7u | C\u00e1c Ch\u01b0\u01a1ng tr\u00ecnh \u0110\u00e0o t\u1ea1o ng\u1eafn h\u1ea1n - Vi\u1ec7n C\u00f4ng ngh\u1ec7 Th\u00f4ng tin, \u0110HQG H\u00e0 N\u1ed9i","robots":{"index":"index","follow":"follow","max-snippet":"max-snippet:-1","max-image-preview":"max-image-preview:large","max-video-preview":"max-video-preview:-1"},"canonical":"https:\/\/iti.vnu.edu.vn\/daotao\/gioi-thieu","twitter_misc":{"\u01af\u1edbc t\u00ednh th\u1eddi gian \u0111\u1ecdc":"3 ph\u00fat"},"schema":{"@context":"https:\/\/schema.org","@graph":[{"@type":"WebPage","@id":"https:\/\/iti.vnu.edu.vn\/daotao\/gioi-thieu","url":"https:\/\/iti.vnu.edu.vn\/daotao\/gioi-thieu","name":"Gi\u1edbi thi\u1ec7u | C\u00e1c Ch\u01b0\u01a1ng tr\u00ecnh \u0110\u00e0o t\u1ea1o ng\u1eafn h\u1ea1n - Vi\u1ec7n C\u00f4ng ngh\u1ec7 Th\u00f4ng tin, \u0110HQG H\u00e0 N\u1ed9i","isPartOf":{"@id":"https:\/\/iti.vnu.edu.vn\/daotao\/#website"},"datePublished":"2022-12-01T02:40:11+00:00","dateModified":"2022-12-05T03:27:04+00:00","breadcrumb":{"@id":"https:\/\/iti.vnu.edu.vn\/daotao\/gioi-thieu#breadcrumb"},"inLanguage":"vi","potentialAction":[{"@type":"ReadAction","target":["https:\/\/iti.vnu.edu.vn\/daotao\/gioi-thieu"]}]},{"@type":"BreadcrumbList","@id":"https:\/\/iti.vnu.edu.vn\/daotao\/gioi-thieu#breadcrumb","itemListElement":[{"@type":"ListItem","position":1,"name":"Trang ch\u1ee7","item":"https:\/\/iti.vnu.edu.vn\/daotao\/"},{"@type":"ListItem","position":2,"name":"Gi\u1edbi thi\u1ec7u"}]},{"@type":"WebSite","@id":"https:\/\/iti.vnu.edu.vn\/daotao\/#website","url":"https:\/\/iti.vnu.edu.vn\/daotao\/","name":"C\u00e1c Ch\u01b0\u01a1ng tr\u00ecnh \u0110\u00e0o t\u1ea1o ng\u1eafn h\u1ea1n - Vi\u1ec7n C\u00f4ng ngh\u1ec7 Th\u00f4ng tin, \u0110HQG H\u00e0 N\u1ed9i","description":"\u0110\u00e0o t\u1ea1o ph\u1ed5 c\u1eadp v\u00e0 chuy\u00ean s\u00e2u c\u00e1c c\u00f4ng ngh\u1ec7 chuy\u1ec3n \u0111\u1ed5i s\u1ed1 nh\u01b0 Blockchain, IoT, Ai, Big Data, b\u1ea3o m\u1eadt v\u00e0 ph\u00e2n t\u00edch d\u1eef li\u1ec7u","potentialAction":[{"@type":"SearchAction","target":{"@type":"EntryPoint","urlTemplate":"https:\/\/iti.vnu.edu.vn\/daotao\/?s={search_term_string}"},"query-input":"required name=search_term_string"}],"inLanguage":"vi"}]}},"_links":{"self":[{"href":"https:\/\/iti.vnu.edu.vn\/daotao\/wp-json\/wp\/v2\/pages\/11375"}],"collection":[{"href":"https:\/\/iti.vnu.edu.vn\/daotao\/wp-json\/wp\/v2\/pages"}],"about":[{"href":"https:\/\/iti.vnu.edu.vn\/daotao\/wp-json\/wp\/v2\/types\/page"}],"author":[{"embeddable":true,"href":"https:\/\/iti.vnu.edu.vn\/daotao\/wp-json\/wp\/v2\/users\/19"}],"replies":[{"embeddable":true,"href":"https:\/\/iti.vnu.edu.vn\/daotao\/wp-json\/wp\/v2\/comments?post=11375"}],"version-history":[{"count":9,"href":"https:\/\/iti.vnu.edu.vn\/daotao\/wp-json\/wp\/v2\/pages\/11375\/revisions"}],"predecessor-version":[{"id":11574,"href":"https:\/\/iti.vnu.edu.vn\/daotao\/wp-json\/wp\/v2\/pages\/11375\/revisions\/11574"}],"wp:attachment":[{"href":"https:\/\/iti.vnu.edu.vn\/daotao\/wp-json\/wp\/v2\/media?parent=11375"}],"curies":[{"name":"wp","href":"https:\/\/api.w.org\/{rel}","templated":true}]}}